{"id":13530,"date":"2023-09-05T09:13:22","date_gmt":"2023-09-05T09:13:22","guid":{"rendered":"https:\/\/www.wooshpay.com\/?page_id=13530"},"modified":"2023-09-06T07:39:49","modified_gmt":"2023-09-06T07:39:49","slug":"ihouse","status":"publish","type":"page","link":"https:\/\/wooshpay.com\/fr\/ihouse\/","title":{"rendered":"ihouse"},"content":{"rendered":"<div class=\"wp-block-group alignfull is-style-hover-bg ys-mini-partner-panels has-white-background-color has-background has-global-padding is-layout-constrained wp-container-core-group-is-layout-81a0e9ec wp-block-group-is-layout-constrained\" style=\"padding-top:4vh;padding-right:7vw;padding-bottom:8vh;padding-left:7vw\">\n<div class=\"wp-block-columns alignwide is-layout-flex wp-container-core-columns-is-layout-640fb6f6 wp-block-columns-is-layout-flex\" style=\"margin-top:0;margin-bottom:var(--wp--preset--spacing--40)\">\n<div class=\"wp-block-column is-layout-flow wp-block-column-is-layout-flow\">\n<div class=\"wp-block-uagb-buttons uagb-buttons__outer-wrap uagb-btn__default-btn uagb-btn-tablet__default-btn uagb-btn-mobile__default-btn uagb-block-8d7edd1e\"><div class=\"uagb-buttons__wrap uagb-buttons-layout-wrap\">\n<div class=\"wp-block-uagb-buttons-child uagb-buttons__outer-wrap uagb-block-5d5c28fa wp-block-button\"><div class=\"uagb-button__wrapper\"><a class=\"uagb-buttons-repeater wp-block-button__link\" href=\"https:\/\/wooshpay.com\/fr\/\" onclick=\"return true;\" rel=\"follow noopener\" target=\"_self\"><span class=\"uagb-button__icon uagb-button__icon-position-before\"><svg xmlns=\"https:\/\/www.w3.org\/2000\/svg\" viewbox=\"0 0 256 512\"><path d=\"M192 448c-8.188 0-16.38-3.125-22.62-9.375l-160-160c-12.5-12.5-12.5-32.75 0-45.25l160-160c12.5-12.5 32.75-12.5 45.25 0s12.5 32.75 0 45.25L77.25 256l137.4 137.4c12.5 12.5 12.5 32.75 0 45.25C208.4 444.9 200.2 448 192 448z\"><\/path><\/svg><\/span><div class=\"uagb-button__link\">Retour<\/div><\/a><\/div><\/div>\n<\/div><\/div>\n<\/div>\n<\/div>\n\n\n\n<div class=\"wp-block-uagb-container uagb-block-23dd6038 alignfull uagb-is-root-container\"><div class=\"uagb-container-inner-blocks-wrap\">\n<div class=\"wp-block-uagb-container uagb-block-b66bc5f0\">\n<figure class=\"wp-block-image size-full is-resized\"><img decoding=\"async\" src=\"https:\/\/wooshpay-official-img.oss-accelerate.aliyuncs.com\/wp-content\/uploads\/2023\/08\/Activity_White_4.png?x-oss-process=style\/webp\" alt=\"\" class=\"wp-image-12287\" style=\"height:30px\" height=\"30\"\/><\/figure>\n<\/div>\n\n\n\n<div class=\"wp-block-uagb-container uagb-block-ce2b8fff\"><\/div>\n<\/div><\/div>\n\n\n\n<div class=\"wp-block-columns alignwide is-layout-flex wp-container-core-columns-is-layout-28f84493 wp-block-columns-is-layout-flex\">\n<div class=\"wp-block-column is-layout-flow wp-block-column-is-layout-flow\">\n<h2 class=\"wp-block-heading has-text-color has-tiny-plus-font-size\" id=\"h-seamless-payments-for-global-education-wooshpay-revolutionizes-fee-collection-and-teacher-payroll-at-ih-bangkok\" style=\"color:#333333;margin-top:var(--wp--preset--spacing--30);margin-bottom:var(--wp--preset--spacing--20)\">\"Paiements transparents pour l'\u00e9ducation mondiale : WooshPay r\u00e9volutionne la collecte des frais et la paie des enseignants \u00e0 l'IH Bangkok\"<\/h2>\n\n\n\n<p class=\"has-text-color\" style=\"color:#666666;margin-top:0;margin-bottom:0;font-size:14px\">L'IH Bangkok (IHB) est un centre de premier plan qui propose les qualifications Cambridge CELTA et Delta TEFL. Apr\u00e8s avoir collect\u00e9 les frais de scolarit\u00e9 des \u00e9tudiants, l'IHB doit en reverser une partie sous forme de salaire aux professeurs d'anglais du monde entier. Pour r\u00e9pondre \u00e0 ce sc\u00e9nario de paiement, WooshPay a fourni une solution de paiement int\u00e9gr\u00e9e \u00e0 l'IHB, r\u00e9solvant les probl\u00e8mes li\u00e9s aux paiements en ligne des \u00e9tudiants et \u00e0 la paie des enseignants dans le monde entier. Cette approche globale r\u00e9pond parfaitement aux probl\u00e8mes de paiement de l'IHB et a re\u00e7u une grande reconnaissance de la part des directeurs d'\u00e9cole de l'IHB.<\/p>\n<\/div>\n<\/div>\n<\/div>","protected":false},"excerpt":{"rendered":"<p>\u201cSeamless Payments for Global Education: WooshPay Revolutionizes Fee Collection and Teacher Payroll at IH Bangkok\u201d IH Bangkok(IHB) is a leading center offers Cambridge CELTA and Delta TEFL qualifications. After collecting student tuition fees, IHB needs to disburse a portion of the fees as salary to English teachers worldwide. To address this payment scenario, WooshPay has [&hellip;]<\/p>","protected":false},"author":1,"featured_media":17289,"parent":0,"menu_order":0,"comment_status":"closed","ping_status":"closed","template":"","meta":{"_uag_custom_page_level_css":"","footnotes":""},"class_list":["post-13530","page","type-page","status-publish","has-post-thumbnail","hentry"],"yoast_head":"<!-- This site is optimized with the Yoast SEO Premium plugin v20.8 (Yoast SEO v24.9) - https:\/\/yoast.com\/wordpress\/plugins\/seo\/ -->\n<title>ihouse - WooshPay<\/title>\n<meta name=\"robots\" content=\"index, follow, max-snippet:-1, max-image-preview:large, max-video-preview:-1\" \/>\n<link rel=\"canonical\" href=\"https:\/\/www.wooshpay.com\/ihouse\/\" \/>\n<meta property=\"og:locale\" content=\"fr_FR\" \/>\n<meta property=\"og:type\" content=\"article\" \/>\n<meta property=\"og:title\" content=\"ihouse\" \/>\n<meta property=\"og:description\" content=\"\u201cSeamless Payments for Global Education: WooshPay Revolutionizes Fee Collection and Teacher Payroll at IH Bangkok\u201d IH Bangkok(IHB) is a leading center offers Cambridge CELTA and Delta TEFL qualifications. After collecting student tuition fees, IHB needs to disburse a portion of the fees as salary to English teachers worldwide. To address this payment scenario, WooshPay has [&hellip;]\" \/>\n<meta property=\"og:url\" content=\"https:\/\/www.wooshpay.com\/ihouse\/\" \/>\n<meta property=\"og:site_name\" content=\"WooshPay\" \/>\n<meta property=\"article:modified_time\" content=\"2023-09-06T07:39:49+00:00\" \/>\n<meta property=\"og:image\" content=\"https:\/\/wooshpay-official-img.oss-accelerate.aliyuncs.com\/wp-content\/uploads\/2024\/07\/pic_home_new-2.png\" \/>\n\t<meta property=\"og:image:width\" content=\"2138\" \/>\n\t<meta property=\"og:image:height\" content=\"1438\" \/>\n\t<meta property=\"og:image:type\" content=\"image\/png\" \/>\n<meta name=\"twitter:card\" content=\"summary_large_image\" \/>\n<meta name=\"twitter:label1\" content=\"Est. reading time\" \/>\n\t<meta name=\"twitter:data1\" content=\"1 minute\" \/>\n<script type=\"application\/ld+json\" class=\"yoast-schema-graph\">{\"@context\":\"https:\/\/schema.org\",\"@graph\":[{\"@type\":\"WebPage\",\"@id\":\"https:\/\/www.wooshpay.com\/ihouse\/\",\"url\":\"https:\/\/www.wooshpay.com\/ihouse\/\",\"name\":\"ihouse - WooshPay\",\"isPartOf\":{\"@id\":\"https:\/\/wooshpay.com\/it\/#website\"},\"primaryImageOfPage\":{\"@id\":\"https:\/\/www.wooshpay.com\/ihouse\/#primaryimage\"},\"image\":{\"@id\":\"https:\/\/www.wooshpay.com\/ihouse\/#primaryimage\"},\"thumbnailUrl\":\"https:\/\/wooshpay-official-img.oss-accelerate.aliyuncs.com\/wp-content\/uploads\/2024\/07\/pic_home_new-2.png\",\"datePublished\":\"2023-09-05T09:13:22+00:00\",\"dateModified\":\"2023-09-06T07:39:49+00:00\",\"breadcrumb\":{\"@id\":\"https:\/\/www.wooshpay.com\/ihouse\/#breadcrumb\"},\"inLanguage\":\"fr-FR\",\"potentialAction\":[{\"@type\":\"ReadAction\",\"target\":[\"https:\/\/www.wooshpay.com\/ihouse\/\"]}]},{\"@type\":\"ImageObject\",\"inLanguage\":\"fr-FR\",\"@id\":\"https:\/\/www.wooshpay.com\/ihouse\/#primaryimage\",\"url\":\"https:\/\/wooshpay-official-img.oss-accelerate.aliyuncs.com\/wp-content\/uploads\/2024\/07\/pic_home_new-2.png\",\"contentUrl\":\"https:\/\/wooshpay-official-img.oss-accelerate.aliyuncs.com\/wp-content\/uploads\/2024\/07\/pic_home_new-2.png\",\"width\":2138,\"height\":1438},{\"@type\":\"BreadcrumbList\",\"@id\":\"https:\/\/www.wooshpay.com\/ihouse\/#breadcrumb\",\"itemListElement\":[{\"@type\":\"ListItem\",\"position\":1,\"name\":\"Home\",\"item\":\"https:\/\/wooshpay.com\/it\/\"},{\"@type\":\"ListItem\",\"position\":2,\"name\":\"ihouse\"}]},{\"@type\":\"WebSite\",\"@id\":\"https:\/\/wooshpay.com\/it\/#website\",\"url\":\"https:\/\/wooshpay.com\/it\/\",\"name\":\"WooshPay\",\"description\":\"One-stop payment platform\",\"potentialAction\":[{\"@type\":\"SearchAction\",\"target\":{\"@type\":\"EntryPoint\",\"urlTemplate\":\"https:\/\/wooshpay.com\/it\/?s={search_term_string}\"},\"query-input\":{\"@type\":\"PropertyValueSpecification\",\"valueRequired\":true,\"valueName\":\"search_term_string\"}}],\"inLanguage\":\"fr-FR\"}]}<\/script>\n<!-- \/ Yoast SEO Premium plugin. -->","yoast_head_json":{"title":"ihouse - WooshPay","robots":{"index":"index","follow":"follow","max-snippet":"max-snippet:-1","max-image-preview":"max-image-preview:large","max-video-preview":"max-video-preview:-1"},"canonical":"https:\/\/www.wooshpay.com\/ihouse\/","og_locale":"fr_FR","og_type":"article","og_title":"ihouse","og_description":"\u201cSeamless Payments for Global Education: WooshPay Revolutionizes Fee Collection and Teacher Payroll at IH Bangkok\u201d IH Bangkok(IHB) is a leading center offers Cambridge CELTA and Delta TEFL qualifications. After collecting student tuition fees, IHB needs to disburse a portion of the fees as salary to English teachers worldwide. To address this payment scenario, WooshPay has [&hellip;]","og_url":"https:\/\/www.wooshpay.com\/ihouse\/","og_site_name":"WooshPay","article_modified_time":"2023-09-06T07:39:49+00:00","og_image":[{"width":2138,"height":1438,"url":"https:\/\/wooshpay-official-img.oss-accelerate.aliyuncs.com\/wp-content\/uploads\/2024\/07\/pic_home_new-2.png","type":"image\/png"}],"twitter_card":"summary_large_image","twitter_misc":{"Est. reading time":"1 minute"},"schema":{"@context":"https:\/\/schema.org","@graph":[{"@type":"WebPage","@id":"https:\/\/www.wooshpay.com\/ihouse\/","url":"https:\/\/www.wooshpay.com\/ihouse\/","name":"ihouse - WooshPay","isPartOf":{"@id":"https:\/\/wooshpay.com\/it\/#website"},"primaryImageOfPage":{"@id":"https:\/\/www.wooshpay.com\/ihouse\/#primaryimage"},"image":{"@id":"https:\/\/www.wooshpay.com\/ihouse\/#primaryimage"},"thumbnailUrl":"https:\/\/wooshpay-official-img.oss-accelerate.aliyuncs.com\/wp-content\/uploads\/2024\/07\/pic_home_new-2.png","datePublished":"2023-09-05T09:13:22+00:00","dateModified":"2023-09-06T07:39:49+00:00","breadcrumb":{"@id":"https:\/\/www.wooshpay.com\/ihouse\/#breadcrumb"},"inLanguage":"fr-FR","potentialAction":[{"@type":"ReadAction","target":["https:\/\/www.wooshpay.com\/ihouse\/"]}]},{"@type":"ImageObject","inLanguage":"fr-FR","@id":"https:\/\/www.wooshpay.com\/ihouse\/#primaryimage","url":"https:\/\/wooshpay-official-img.oss-accelerate.aliyuncs.com\/wp-content\/uploads\/2024\/07\/pic_home_new-2.png","contentUrl":"https:\/\/wooshpay-official-img.oss-accelerate.aliyuncs.com\/wp-content\/uploads\/2024\/07\/pic_home_new-2.png","width":2138,"height":1438},{"@type":"BreadcrumbList","@id":"https:\/\/www.wooshpay.com\/ihouse\/#breadcrumb","itemListElement":[{"@type":"ListItem","position":1,"name":"Home","item":"https:\/\/wooshpay.com\/it\/"},{"@type":"ListItem","position":2,"name":"ihouse"}]},{"@type":"WebSite","@id":"https:\/\/wooshpay.com\/it\/#website","url":"https:\/\/wooshpay.com\/it\/","name":"WooshPay","description":"Plate-forme de paiement unique","potentialAction":[{"@type":"SearchAction","target":{"@type":"EntryPoint","urlTemplate":"https:\/\/wooshpay.com\/it\/?s={search_term_string}"},"query-input":{"@type":"PropertyValueSpecification","valueRequired":true,"valueName":"search_term_string"}}],"inLanguage":"fr-FR"}]}},"uagb_featured_image_src":{"full":["https:\/\/wooshpay-official-img.oss-accelerate.aliyuncs.com\/wp-content\/uploads\/2024\/07\/pic_home_new-2.png",2138,1438,false],"thumbnail":["https:\/\/wooshpay-official-img.oss-accelerate.aliyuncs.com\/wp-content\/uploads\/2024\/07\/pic_home_new-2-150x150.png",150,150,true],"medium":["https:\/\/wooshpay-official-img.oss-accelerate.aliyuncs.com\/wp-content\/uploads\/2024\/07\/pic_home_new-2-300x202.png",300,202,true],"medium_large":["https:\/\/wooshpay-official-img.oss-accelerate.aliyuncs.com\/wp-content\/uploads\/2024\/07\/pic_home_new-2-768x517.png",768,517,true],"large":["https:\/\/wooshpay-official-img.oss-accelerate.aliyuncs.com\/wp-content\/uploads\/2024\/07\/pic_home_new-2-1024x689.png",1024,689,true],"1536x1536":["https:\/\/wooshpay-official-img.oss-accelerate.aliyuncs.com\/wp-content\/uploads\/2024\/07\/pic_home_new-2-1536x1033.png",1536,1033,true],"2048x2048":["https:\/\/wooshpay-official-img.oss-accelerate.aliyuncs.com\/wp-content\/uploads\/2024\/07\/pic_home_new-2-2048x1377.png",2048,1377,true],"trp-custom-language-flag":["https:\/\/wooshpay-official-img.oss-accelerate.aliyuncs.com\/wp-content\/uploads\/2024\/07\/pic_home_new-2-18x12.png",18,12,true]},"uagb_author_info":{"display_name":"wooshpaysite\u7ba1\u7406\u5458","author_link":"https:\/\/wooshpay.com\/fr\/author\/wooshpaysiteadmin\/"},"uagb_comment_info":0,"uagb_excerpt":"\u201cSeamless Payments for Global Education: WooshPay Revolutionizes Fee Collection and Teacher Payroll at IH Bangkok\u201d IH Bangkok(IHB) is a leading center offers Cambridge CELTA and Delta TEFL qualifications. After collecting student tuition fees, IHB needs to disburse a portion of the fees as salary to English teachers worldwide. To address this payment scenario, WooshPay has\u2026","_links":{"self":[{"href":"https:\/\/wooshpay.com\/fr\/wp-json\/wp\/v2\/pages\/13530","targetHints":{"allow":["GET"]}}],"collection":[{"href":"https:\/\/wooshpay.com\/fr\/wp-json\/wp\/v2\/pages"}],"about":[{"href":"https:\/\/wooshpay.com\/fr\/wp-json\/wp\/v2\/types\/page"}],"author":[{"embeddable":true,"href":"https:\/\/wooshpay.com\/fr\/wp-json\/wp\/v2\/users\/1"}],"replies":[{"embeddable":true,"href":"https:\/\/wooshpay.com\/fr\/wp-json\/wp\/v2\/comments?post=13530"}],"version-history":[{"count":0,"href":"https:\/\/wooshpay.com\/fr\/wp-json\/wp\/v2\/pages\/13530\/revisions"}],"wp:featuredmedia":[{"embeddable":true,"href":"https:\/\/wooshpay.com\/fr\/wp-json\/wp\/v2\/media\/17289"}],"wp:attachment":[{"href":"https:\/\/wooshpay.com\/fr\/wp-json\/wp\/v2\/media?parent=13530"}],"curies":[{"name":"wp","href":"https:\/\/api.w.org\/{rel}","templated":true}]}}