{"id":122,"date":"2023-06-11T08:18:32","date_gmt":"2023-06-11T08:18:32","guid":{"rendered":"https:\/\/www.wooshpay.com\/?page_id=122"},"modified":"2026-02-05T11:01:24","modified_gmt":"2026-02-05T11:01:24","slug":"newsroom","status":"publish","type":"page","link":"https:\/\/wooshpay.com\/pt\/newsroom\/","title":{"rendered":"Sala de Imprensa"},"content":{"rendered":"<div\n  class=\"wp-block-uagb-container uagb-block-c5a6bddf alignfull uagb-is-root-container\"\n  style=\"width: 100%; margin-left: 0px !important; margin-right: 0px !important;padding-bottom: 0px !important;\"\n>\n  <div class=\"uagb-container-inner-blocks-wrap Newsroom-view\">\n    \n    <div class=\"wp-block-columns is-layout-flex wp-container-core-columns-is-layout-28f84493 wp-block-columns-is-layout-flex\">\n      \n      <div\n        class=\"wp-block-column is-layout-flow wp-block-column-is-layout-flow\"\n        style=\"          padding-right: 0;          padding-bottom: 0;          padding-left: var(--wp--preset--spacing--10);        \"\n      >\n        \n        <h1\n          class=\"wp-block-heading has-medium-plus-font-size\"\n          id=\"h-newsroom\"\n          style=\"margin-bottom: var(--wp--preset--spacing--40)\"\n        >\n          Sala de Imprensa\n        <\/h1>\n        \n\n        \n        <p class=\"has-tiny-plus-font-size\">\n          Na jornada de busca cont\u00ednua da excel\u00eancia, sempre\n          priorizamos a inova\u00e7\u00e3o e os avan\u00e7os tecnol\u00f3gicos. Consideramos\n          esses marcos como a for\u00e7a motriz de nosso desenvolvimento futuro e\n          e nos dedicamos a agregar mais valor aos nossos clientes.\n        <\/p>\n        \n      <\/div>\n      \n\n      \n      <div class=\"wp-block-column is-layout-flow wp-block-column-is-layout-flow\">\n        \n        <figure class=\"wp-block-image aligncenter size-large is-resized\">\n          <img fetchpriority=\"high\" decoding=\"async\" width=\"1024\" height=\"990\"\n            src=\"https:\/\/wooshpay-official-img.oss-accelerate.aliyuncs.com\/wp-content\/uploads\/2023\/07\/Group-4916-2-1024x990.png?x-oss-process=style\/webp\"\n            alt=\"\"\n            class=\"wp-image-9933\"\n            style=\"width: 315px; height: 304px\"\n srcset=\"https:\/\/wooshpay-official-img.oss-accelerate.aliyuncs.com\/wp-content\/uploads\/2023\/07\/Group-4916-2-1024x990.png?x-oss-process=style\/webp 1024w, https:\/\/wooshpay-official-img.oss-accelerate.aliyuncs.com\/wp-content\/uploads\/2023\/07\/Group-4916-2-300x290.png?x-oss-process=style\/webp 300w, https:\/\/wooshpay-official-img.oss-accelerate.aliyuncs.com\/wp-content\/uploads\/2023\/07\/Group-4916-2-768x743.png?x-oss-process=style\/webp 768w, https:\/\/wooshpay-official-img.oss-accelerate.aliyuncs.com\/wp-content\/uploads\/2023\/07\/Group-4916-2-1536x1485.png?x-oss-process=style\/webp 1536w, https:\/\/wooshpay-official-img.oss-accelerate.aliyuncs.com\/wp-content\/uploads\/2023\/07\/Group-4916-2-12x12.png?x-oss-process=style\/webp 12w, https:\/\/wooshpay-official-img.oss-accelerate.aliyuncs.com\/wp-content\/uploads\/2023\/07\/Group-4916-2.png?x-oss-process=style\/webp 2048w\" sizes=\"(max-width: 1024px) 100vw, 1024px\" \/>\n        <\/figure>\n        \n      <\/div>\n      \n    <\/div>\n    \n  <\/div>\n<\/div>\n\n\n\n<div\n  class=\"wp-block-group alignfull has-white-background-color has-background wpb-view has-global-padding is-layout-constrained wp-container-core-group-is-layout-d2fc5ab6 wp-block-group-is-layout-constrained\"\n>\n  \n  <div class=\"wp-block-columns is-layout-flex wp-container-core-columns-is-layout-28f84493 wp-block-columns-is-layout-flex\">\n    \n    <div class=\"wp-block-column is-layout-flow wp-block-column-is-layout-flow\">\n      \n      <div\n        class=\"wp-block-columns is-layout-flex wp-container-core-columns-is-layout-b7c98532 wp-block-columns-is-layout-flex\"\n        style=\"          padding-top: var(--wp--preset--spacing--30);          padding-right: 0;          padding-bottom: var(--wp--preset--spacing--30);        \"\n      >\n        \n        <div class=\"wp-block-column is-layout-flow wp-block-column-is-layout-flow\">\n          \n          <div class=\"wp-block-columns is-layout-flex wp-container-core-columns-is-layout-28f84493 wp-block-columns-is-layout-flex\">\n            \n            <div\n              class=\"wp-block-column is-layout-flow wp-block-column-is-layout-flow\"\n              style=\"                padding-top: 0;                padding-right: 0;                padding-bottom: 0;                padding-left: 0;              \"\n            >\n              \n              <div class=\"wp-block-columns is-layout-flex wp-container-core-columns-is-layout-28f84493 wp-block-columns-is-layout-flex\">\n                \n                <div\n                  class=\"wp-block-column is-layout-flow wp-block-column-is-layout-flow\"\n                  style=\"                    border-style: none;                    border-width: 0px;                    padding-top: 0;                    padding-right: 0;                    padding-bottom: 0;                    padding-left: 0;                  \"\n                >\n                  \n                  <div class=\"wp-block-query is-layout-flow wp-block-query-is-layout-flow\">\n                    \t\t<div\r\n\t\t\tclass='wp-block-ap-block-posts free  alignwide'\r\n\t\t\tid='apbAdvancedPosts-7b9e564a-8'\r\n\t\t\tdata-nonce='&quot;dcca0af068&quot;'\r\n\t\t\tdata-attributes='{&quot;cId&quot;:&quot;7b9e564a-8&quot;,&quot;subLayout&quot;:&quot;left-image&quot;,&quot;columns&quot;:{&quot;desktop&quot;:1,&quot;tablet&quot;:2,&quot;mobile&quot;:1},&quot;columnGap&quot;:0,&quot;rowGap&quot;:22,&quot;isContentEqualHight&quot;:false,&quot;selectedCategories&quot;:[21],&quot;postsPerPage&quot;:5,&quot;isPagination&quot;:false,&quot;paginationColors&quot;:{&quot;color&quot;:&quot;#fff&quot;,&quot;bg&quot;:&quot;rgba(189, 180, 237, 1)&quot;},&quot;paginationHovColors&quot;:{&quot;color&quot;:&quot;#fff&quot;,&quot;bg&quot;:&quot;#8344c5&quot;,&quot;bgType&quot;:&quot;gradient&quot;,&quot;gradient&quot;:&quot;linear-gradient(135deg,rgb(118,93,200) 0%,rgb(104,47,165) 100%)&quot;},&quot;paginationPadding&quot;:{&quot;vertical&quot;:&quot;8px&quot;,&quot;horizontal&quot;:&quot;15px&quot;,&quot;side&quot;:4,&quot;top&quot;:&quot;8px&quot;,&quot;right&quot;:&quot;15px&quot;,&quot;bottom&quot;:&quot;8px&quot;,&quot;left&quot;:&quot;15px&quot;},&quot;contentBG&quot;:{&quot;color&quot;:&quot;rgba(255, 255, 255, 1)&quot;,&quot;styles&quot;:&quot;background-color: #f4f2fc;&quot;,&quot;type&quot;:&quot;solid&quot;},&quot;contentPadding&quot;:{&quot;vertical&quot;:&quot;20px&quot;,&quot;horizontal&quot;:&quot;40px&quot;,&quot;side&quot;:4,&quot;top&quot;:&quot;20px&quot;,&quot;right&quot;:&quot;0px&quot;,&quot;bottom&quot;:&quot;20px&quot;,&quot;left&quot;:&quot;40px&quot;},&quot;fImgFitting&quot;:&quot;contain&quot;,&quot;titleTypo&quot;:{&quot;fontFamily&quot;:&quot;Cabin&quot;,&quot;fontSize&quot;:{&quot;desktop&quot;:23,&quot;tablet&quot;:22,&quot;mobile&quot;:20},&quot;googleFontLink&quot;:&quot;https:\\\/\\\/fonts.googleapis.com\\\/css2?family=Roboto&amp;display=swap&quot;,&quot;fontCategory&quot;:&quot;sans-serif&quot;,&quot;fontWeight&quot;:600,&quot;fontVariant&quot;:&quot;600i&quot;,&quot;isUploadFont&quot;:false,&quot;lineHeight&quot;:&quot;137%&quot;,&quot;fontStyle&quot;:&quot;normal&quot;,&quot;textDecoration&quot;:&quot;auto&quot;},&quot;titleColor&quot;:&quot;rgba(0, 0, 0, 1)&quot;,&quot;isMetaAuthor&quot;:false,&quot;isMetaCategory&quot;:false,&quot;metaCategoryIn&quot;:&quot;image&quot;,&quot;metaTypo&quot;:{&quot;fontSize&quot;:{&quot;desktop&quot;:12,&quot;tablet&quot;:13,&quot;mobile&quot;:13},&quot;textTransform&quot;:&quot;uppercase&quot;},&quot;isEllipsisOnExcerpt&quot;:true,&quot;excerptLength&quot;:31,&quot;excerptTypo&quot;:{&quot;fontSize&quot;:{&quot;desktop&quot;:18,&quot;tablet&quot;:15,&quot;mobile&quot;:15},&quot;lineHeight&quot;:&quot;135%&quot;},&quot;isReadMore&quot;:false,&quot;align&quot;:&quot;wide&quot;,&quot;isPremium&quot;:true,&quot;layout&quot;:&quot;grid&quot;,&quot;sliderHeight&quot;:&quot;350px&quot;,&quot;content&quot;:{&quot;height&quot;:&quot;auto&quot;},&quot;postType&quot;:&quot;post&quot;,&quot;selectedTaxonomies&quot;:[],&quot;selectedTags&quot;:[],&quot;isPostsPerPageAll&quot;:false,&quot;postsOrderBy&quot;:&quot;date&quot;,&quot;postsOrder&quot;:&quot;desc&quot;,&quot;postsOffset&quot;:0,&quot;postsInclude&quot;:[],&quot;postsExclude&quot;:[],&quot;isExcludeCurrent&quot;:false,&quot;paginationCurrentPage&quot;:1,&quot;paginationPrevLabel&quot;:&quot;Prev&quot;,&quot;paginationNextLabel&quot;:&quot;Next&quot;,&quot;paginationSpacing&quot;:&quot;15px&quot;,&quot;contentAlign&quot;:&quot;left&quot;,&quot;border&quot;:{&quot;radius&quot;:&quot;5px&quot;},&quot;sliderIsLoop&quot;:true,&quot;sliderIsTouchMove&quot;:false,&quot;sliderIsAutoplay&quot;:true,&quot;sliderAutoplayOptions&quot;:{&quot;delay&quot;:1.5},&quot;sliderSpeed&quot;:1.5,&quot;sliderEffect&quot;:&quot;slide&quot;,&quot;sliderIsPage&quot;:true,&quot;sliderIsPageClickable&quot;:true,&quot;sliderIsPageDynamic&quot;:true,&quot;sliderPageColor&quot;:&quot;#4527a4&quot;,&quot;sliderPageWidth&quot;:&quot;15px&quot;,&quot;sliderPageHeight&quot;:&quot;15px&quot;,&quot;sliderPageBorder&quot;:{&quot;radius&quot;:&quot;50%&quot;},&quot;sliderIsPrevNext&quot;:true,&quot;sliderPrevNextColor&quot;:&quot;#4527a4&quot;,&quot;tickerDirection&quot;:&quot;up&quot;,&quot;tickerSpeed&quot;:&quot;slow&quot;,&quot;tickerInterval&quot;:2000,&quot;tickerHeight&quot;:&quot;0px&quot;,&quot;tickerVisible&quot;:3,&quot;tickerIsMousePause&quot;:true,&quot;elementsSort&quot;:[&quot;title&quot;,&quot;meta&quot;],&quot;isFImg&quot;:true,&quot;fImgSize&quot;:&quot;full&quot;,&quot;isFImgLink&quot;:false,&quot;isTitle&quot;:true,&quot;isTitleLink&quot;:true,&quot;titleMargin&quot;:{&quot;side&quot;:4,&quot;bottom&quot;:&quot;15px&quot;},&quot;isMeta&quot;:true,&quot;isMetaAuthorLink&quot;:true,&quot;metaAuthorIcon&quot;:&quot;&quot;,&quot;isMetaDate&quot;:true,&quot;metaDateFormat&quot;:&quot;M j, Y&quot;,&quot;metaDateIcon&quot;:&quot;&quot;,&quot;metaCategoryIcon&quot;:&quot;&quot;,&quot;metaTaxonomies&quot;:{&quot;selected&quot;:[]},&quot;isMetaReadTime&quot;:false,&quot;metaReadTimeIcon&quot;:&quot;&quot;,&quot;isMetaReadTimeSec&quot;:false,&quot;metaReadTimeLabel&quot;:&quot;Min read&quot;,&quot;isMetaComment&quot;:false,&quot;metaCommentIcon&quot;:&quot;&quot;,&quot;metaTextColor&quot;:&quot;#333&quot;,&quot;metaLinkColor&quot;:&quot;#8344c5&quot;,&quot;metaIconColor&quot;:&quot;#4527a4&quot;,&quot;metaColorsOnImage&quot;:{&quot;color&quot;:&quot;#fff&quot;,&quot;bg&quot;:&quot;#8344c5&quot;},&quot;metaMargin&quot;:{&quot;side&quot;:4,&quot;bottom&quot;:&quot;15px&quot;},&quot;isExcerpt&quot;:true,&quot;isExcerptFromContent&quot;:false,&quot;excerptAlign&quot;:&quot;justify&quot;,&quot;excerptColor&quot;:&quot;#333&quot;,&quot;excerptMargin&quot;:{&quot;side&quot;:4,&quot;bottom&quot;:&quot;10px&quot;},&quot;readMorePosition&quot;:&quot;auto&quot;,&quot;readMoreLabel&quot;:&quot;Read More&quot;,&quot;isLinkNewTab&quot;:false,&quot;readMoreAlign&quot;:&quot;left&quot;,&quot;readMoreTypo&quot;:{&quot;fontSize&quot;:{&quot;desktop&quot;:14,&quot;tablet&quot;:14,&quot;mobile&quot;:14},&quot;textTransform&quot;:&quot;uppercase&quot;,&quot;fontWeight&quot;:600},&quot;readMoreColors&quot;:{&quot;color&quot;:&quot;#fff&quot;,&quot;bg&quot;:&quot;#8344c5&quot;},&quot;readMoreHovColors&quot;:{&quot;color&quot;:&quot;#fff&quot;,&quot;bg&quot;:&quot;#4527a4&quot;},&quot;readMorePadding&quot;:{&quot;vertical&quot;:&quot;12px&quot;,&quot;horizontal&quot;:&quot;35px&quot;},&quot;readMoreBorder&quot;:{&quot;radius&quot;:&quot;3px&quot;},&quot;TrpContentRestriction&quot;:{&quot;restriction_type&quot;:&quot;exclude&quot;,&quot;selected_languages&quot;:[],&quot;panel_open&quot;:true}}'\r\n\t\t\tdata-extra='{&quot;totalPosts&quot;:26}'\r\n\t\t><\/div>\r\n\t\t\n\n                    <div\n                      style=\"                        display: flex;                        align-items: center;                        justify-content: center;                        padding-top: 40px !important;                      \"\n                    >\n                      <nav class=\"wp-block-query-pagination is-layout-flex wp-block-query-pagination-is-layout-flex\" aria-label=\"Pagina\u00e7\u00e3o\">\n                      \n\n                      <div class=\"wp-block-query-pagination-numbers\"><span aria-current=\"page\" class=\"page-numbers current\">1<\/span>\n<a class=\"page-numbers\" href=\"?query-19-page=2\">2<\/a>\n<a class=\"page-numbers\" href=\"?query-19-page=3\">3<\/a>\n<span class=\"page-numbers dots\">...<\/span>\n<a class=\"page-numbers\" href=\"?query-19-page=6\">6<\/a><\/div>\n\n                      <a href=\"\/pt\/wp-json\/wp\/v2\/pages\/122?query-19-page=2\" class=\"wp-block-query-pagination-next\">Pr\u00f3xima p\u00e1gina<\/a>\n                      <\/nav>\n                    <\/div>\n                  <\/div>\n                  \n                <\/div>\n                \n              <\/div>\n              \n            <\/div>\n            \n          <\/div>\n          \n        <\/div>\n        \n      <\/div>\n      \n    <\/div>\n    \n  <\/div>\n  \n<\/div>\n\n<style>\n  .Newsroom-view {\n    --inner-content-custom-width: 100%;\n    justify-content: space-between !important;\n    padding-left: 11vw !important;\n    padding-right: 11vw !important;\n    max-width: 1600px !important;\n  }\n  .wpb-view {\n    padding-right: 11vw;\n    padding-left: 11vw;\n    padding-bottom: 0vh;\n    padding-top: 0px;\n  }\n  .apbExcerpt {\n    text-align: left !important;\n    font-size: 16px !important;\n  }\n  .apbTitle a {\n    font-size: 24px !important;\n  }\n  .apbText {\n    width: 60% !important;\n  }\n  .wp-block-query-pagination-numbers .page-numbers {\n    width: 2.2em !important;\n    height: 2.2em !important;\n  }\n  .wp-block-query-pagination-numbers .page-numbers.current {\n    background: #fff;\n    color: #825bfc !important;\n    border: 1px solid #825bfc !important;\n  }\n  .apbPost.apbSideImage.leftImage {\n    \/* grid-template-columns: 1fr 1.7fr !important; *\/\n    margin:20px 24px !important;\n    padding: 36px !important;\n    box-shadow: 0px 4px 32px 0px rgba(23, 0, 129, 0.12) !important;\n    display: flex !important;\n    border-radius: 20px !important;\n  }\n  .wp-block-columns-is-layout-flex {\n    max-width: 100% !important;\n  }\n  .apbThumb {\n    width: 40% !important;\n    border-radius: 5px !important;\n    min-height: 300px !important;\n  }\n  .apbPost .apbThumb img {\n    height: 300px !important;\n    width: 100% !important;\n    border-radius: 20px !important;\n    object-fit: fill !important;\n    position: none !important;\n    max-width: fit-content;\n  }\n  .apbGridPosts {\n    grid-gap: 4px !important;\n  }\n\n\n  @media screen and (max-width: 500px) {\n    .Newsroom-view {\n      --inner-content-custom-width: 100%;\n      justify-content: space-between !important;\n      padding-left: 2vw !important;\n      padding-right: 2vw !important;\n    }\n    .wpb-view {\n      padding-right: 2vw;\n      padding-left: 2vw;\n      padding-bottom: 0vh;\n    }\n\n    .apbPost.apbSideImage.leftImage {\n      padding: 0px !important;\n      box-shadow: none !important;\n      display: flex !important;\n      margin-bottom: 20px;\n    }\n\n    .apbSideImage {\n      display: flex !important;\n      flex-direction: column !important;\n    }\n    .apbText {\n      padding-left: 0px !important;\n       width: 100% !important;\n    }\n    .apbThumb {\n      margin-bottom: 15px !important;\n       min-height: 200px !important;\n       width: 100% !important;\n    }\n      .apbPost .apbThumb img {\n    height: 200px !important;\n    width: 100% !important;\n    border-radius: 20px !important;\n    object-fit: fill !important;\n    position: none !important;\n    max-width: none!important;\n  }\n  }\n<\/style>","protected":false},"excerpt":{"rendered":"<p>Newsroom On the journey of continuously pursuing excellence, we always prioritize innovation and technological breakthroughs. We consider these milestones as the driving force for our future development and are dedicated to bringing more value to our customers.<\/p>","protected":false},"author":1,"featured_media":8045,"parent":0,"menu_order":0,"comment_status":"closed","ping_status":"closed","template":"","meta":{"_uag_custom_page_level_css":"","footnotes":""},"class_list":["post-122","page","type-page","status-publish","has-post-thumbnail","hentry"],"yoast_head":"<!-- This site is optimized with the Yoast SEO Premium plugin v20.8 (Yoast SEO v24.9) - https:\/\/yoast.com\/wordpress\/plugins\/seo\/ -->\n<title>WooshPay Newsroom | The latest news &amp; announcements<\/title>\n<meta name=\"description\" content=\"Stay informed with our news page. Get the latest updates, industry trends, and innovative solutions in the world of payments. Join us as we revolutionize digital commerce.\" \/>\n<meta name=\"robots\" content=\"index, follow, max-snippet:-1, max-image-preview:large, max-video-preview:-1\" \/>\n<link rel=\"canonical\" href=\"https:\/\/www.wooshpay.com\/newsroom\/\" \/>\n<link rel=\"next\" href=\"https:\/\/www.wooshpay.com\/newsroom\/122?query-19-page=2\" \/>\n<meta property=\"og:locale\" content=\"pt_BR\" \/>\n<meta property=\"og:type\" content=\"article\" \/>\n<meta property=\"og:title\" content=\"Newsroom\" \/>\n<meta property=\"og:description\" content=\"Stay informed with our news page. Get the latest updates, industry trends, and innovative solutions in the world of payments. Join us as we revolutionize digital commerce.\" \/>\n<meta property=\"og:url\" content=\"https:\/\/www.wooshpay.com\/newsroom\/\" \/>\n<meta property=\"og:site_name\" content=\"WooshPay\" \/>\n<meta property=\"article:modified_time\" content=\"2026-02-05T11:01:24+00:00\" \/>\n<meta property=\"og:image\" content=\"https:\/\/wooshpay-official-img.oss-accelerate.aliyuncs.com\/wp-content\/uploads\/2023\/06\/1@2x-3.png\" \/>\n\t<meta property=\"og:image:width\" content=\"634\" \/>\n\t<meta property=\"og:image:height\" content=\"440\" \/>\n\t<meta property=\"og:image:type\" content=\"image\/png\" \/>\n<meta name=\"twitter:card\" content=\"summary_large_image\" \/>\n<meta name=\"twitter:label1\" content=\"Est. reading time\" \/>\n\t<meta name=\"twitter:data1\" content=\"1 minuto\" \/>\n<script type=\"application\/ld+json\" class=\"yoast-schema-graph\">{\"@context\":\"https:\/\/schema.org\",\"@graph\":[{\"@type\":\"WebPage\",\"@id\":\"https:\/\/www.wooshpay.com\/newsroom\/\",\"url\":\"https:\/\/www.wooshpay.com\/newsroom\/\",\"name\":\"WooshPay Newsroom | The latest news & announcements\",\"isPartOf\":{\"@id\":\"https:\/\/ec2-35-179-65-51.eu-west-2.compute.amazonaws.com\/it\/#website\"},\"primaryImageOfPage\":{\"@id\":\"https:\/\/www.wooshpay.com\/newsroom\/#primaryimage\"},\"image\":{\"@id\":\"https:\/\/www.wooshpay.com\/newsroom\/#primaryimage\"},\"thumbnailUrl\":\"https:\/\/wooshpay-official-img.oss-accelerate.aliyuncs.com\/wp-content\/uploads\/2023\/06\/1@2x-3.png\",\"datePublished\":\"2023-06-11T08:18:32+00:00\",\"dateModified\":\"2026-02-05T11:01:24+00:00\",\"description\":\"Stay informed with our news page. Get the latest updates, industry trends, and innovative solutions in the world of payments. Join us as we revolutionize digital commerce.\",\"breadcrumb\":{\"@id\":\"https:\/\/www.wooshpay.com\/newsroom\/#breadcrumb\"},\"inLanguage\":\"pt-BR\",\"potentialAction\":[{\"@type\":\"ReadAction\",\"target\":[\"https:\/\/www.wooshpay.com\/newsroom\/\"]}]},{\"@type\":\"ImageObject\",\"inLanguage\":\"pt-BR\",\"@id\":\"https:\/\/www.wooshpay.com\/newsroom\/#primaryimage\",\"url\":\"https:\/\/wooshpay-official-img.oss-accelerate.aliyuncs.com\/wp-content\/uploads\/2023\/06\/1@2x-3.png\",\"contentUrl\":\"https:\/\/wooshpay-official-img.oss-accelerate.aliyuncs.com\/wp-content\/uploads\/2023\/06\/1@2x-3.png\",\"width\":634,\"height\":440},{\"@type\":\"BreadcrumbList\",\"@id\":\"https:\/\/www.wooshpay.com\/newsroom\/#breadcrumb\",\"itemListElement\":[{\"@type\":\"ListItem\",\"position\":1,\"name\":\"Home\",\"item\":\"https:\/\/ec2-35-179-65-51.eu-west-2.compute.amazonaws.com\/it\/\"},{\"@type\":\"ListItem\",\"position\":2,\"name\":\"Newsroom\"}]},{\"@type\":\"WebSite\",\"@id\":\"https:\/\/ec2-35-179-65-51.eu-west-2.compute.amazonaws.com\/it\/#website\",\"url\":\"https:\/\/ec2-35-179-65-51.eu-west-2.compute.amazonaws.com\/it\/\",\"name\":\"WooshPay\",\"description\":\"One-stop payment platform\",\"potentialAction\":[{\"@type\":\"SearchAction\",\"target\":{\"@type\":\"EntryPoint\",\"urlTemplate\":\"https:\/\/ec2-35-179-65-51.eu-west-2.compute.amazonaws.com\/it\/?s={search_term_string}\"},\"query-input\":{\"@type\":\"PropertyValueSpecification\",\"valueRequired\":true,\"valueName\":\"search_term_string\"}}],\"inLanguage\":\"pt-BR\"}]}<\/script>\n<!-- \/ Yoast SEO Premium plugin. -->","yoast_head_json":{"title":"WooshPay Newsroom | As \u00faltimas not\u00edcias e an\u00fancios","description":"Mantenha-se informado com nossa p\u00e1gina de not\u00edcias. Receba as \u00faltimas atualiza\u00e7\u00f5es, tend\u00eancias do setor e solu\u00e7\u00f5es inovadoras no mundo dos pagamentos. Junte-se a n\u00f3s para revolucionar o com\u00e9rcio digital.","robots":{"index":"index","follow":"follow","max-snippet":"max-snippet:-1","max-image-preview":"max-image-preview:large","max-video-preview":"max-video-preview:-1"},"canonical":"https:\/\/www.wooshpay.com\/newsroom\/","next":"https:\/\/www.wooshpay.com\/newsroom\/122?query-19-page=2","og_locale":"pt_BR","og_type":"article","og_title":"Newsroom","og_description":"Stay informed with our news page. Get the latest updates, industry trends, and innovative solutions in the world of payments. Join us as we revolutionize digital commerce.","og_url":"https:\/\/www.wooshpay.com\/newsroom\/","og_site_name":"WooshPay","article_modified_time":"2026-02-05T11:01:24+00:00","og_image":[{"width":634,"height":440,"url":"https:\/\/wooshpay-official-img.oss-accelerate.aliyuncs.com\/wp-content\/uploads\/2023\/06\/1@2x-3.png","type":"image\/png"}],"twitter_card":"summary_large_image","twitter_misc":{"Est. reading time":"1 minuto"},"schema":{"@context":"https:\/\/schema.org","@graph":[{"@type":"WebPage","@id":"https:\/\/www.wooshpay.com\/newsroom\/","url":"https:\/\/www.wooshpay.com\/newsroom\/","name":"WooshPay Newsroom | As \u00faltimas not\u00edcias e an\u00fancios","isPartOf":{"@id":"https:\/\/ec2-35-179-65-51.eu-west-2.compute.amazonaws.com\/it\/#website"},"primaryImageOfPage":{"@id":"https:\/\/www.wooshpay.com\/newsroom\/#primaryimage"},"image":{"@id":"https:\/\/www.wooshpay.com\/newsroom\/#primaryimage"},"thumbnailUrl":"https:\/\/wooshpay-official-img.oss-accelerate.aliyuncs.com\/wp-content\/uploads\/2023\/06\/1@2x-3.png","datePublished":"2023-06-11T08:18:32+00:00","dateModified":"2026-02-05T11:01:24+00:00","description":"Mantenha-se informado com nossa p\u00e1gina de not\u00edcias. Receba as \u00faltimas atualiza\u00e7\u00f5es, tend\u00eancias do setor e solu\u00e7\u00f5es inovadoras no mundo dos pagamentos. Junte-se a n\u00f3s para revolucionar o com\u00e9rcio digital.","breadcrumb":{"@id":"https:\/\/www.wooshpay.com\/newsroom\/#breadcrumb"},"inLanguage":"pt-BR","potentialAction":[{"@type":"ReadAction","target":["https:\/\/www.wooshpay.com\/newsroom\/"]}]},{"@type":"ImageObject","inLanguage":"pt-BR","@id":"https:\/\/www.wooshpay.com\/newsroom\/#primaryimage","url":"https:\/\/wooshpay-official-img.oss-accelerate.aliyuncs.com\/wp-content\/uploads\/2023\/06\/1@2x-3.png","contentUrl":"https:\/\/wooshpay-official-img.oss-accelerate.aliyuncs.com\/wp-content\/uploads\/2023\/06\/1@2x-3.png","width":634,"height":440},{"@type":"BreadcrumbList","@id":"https:\/\/www.wooshpay.com\/newsroom\/#breadcrumb","itemListElement":[{"@type":"ListItem","position":1,"name":"Home","item":"https:\/\/ec2-35-179-65-51.eu-west-2.compute.amazonaws.com\/it\/"},{"@type":"ListItem","position":2,"name":"Newsroom"}]},{"@type":"WebSite","@id":"https:\/\/ec2-35-179-65-51.eu-west-2.compute.amazonaws.com\/it\/#website","url":"https:\/\/ec2-35-179-65-51.eu-west-2.compute.amazonaws.com\/it\/","name":"WooshPay","description":"Plataforma de pagamento em um s\u00f3 lugar","potentialAction":[{"@type":"SearchAction","target":{"@type":"EntryPoint","urlTemplate":"https:\/\/ec2-35-179-65-51.eu-west-2.compute.amazonaws.com\/it\/?s={search_term_string}"},"query-input":{"@type":"PropertyValueSpecification","valueRequired":true,"valueName":"search_term_string"}}],"inLanguage":"pt-BR"}]}},"uagb_featured_image_src":{"full":["https:\/\/wooshpay-official-img.oss-accelerate.aliyuncs.com\/wp-content\/uploads\/2023\/06\/1@2x-3.png",634,440,false],"thumbnail":["https:\/\/wooshpay-official-img.oss-accelerate.aliyuncs.com\/wp-content\/uploads\/2023\/06\/1@2x-3-150x150.png",150,150,true],"medium":["https:\/\/wooshpay-official-img.oss-accelerate.aliyuncs.com\/wp-content\/uploads\/2023\/06\/1@2x-3-300x208.png",300,208,true],"medium_large":["https:\/\/wooshpay-official-img.oss-accelerate.aliyuncs.com\/wp-content\/uploads\/2023\/06\/1@2x-3.png",634,440,false],"large":["https:\/\/wooshpay-official-img.oss-accelerate.aliyuncs.com\/wp-content\/uploads\/2023\/06\/1@2x-3.png",634,440,false],"1536x1536":["https:\/\/wooshpay-official-img.oss-accelerate.aliyuncs.com\/wp-content\/uploads\/2023\/06\/1@2x-3.png",634,440,false],"2048x2048":["https:\/\/wooshpay-official-img.oss-accelerate.aliyuncs.com\/wp-content\/uploads\/2023\/06\/1@2x-3.png",634,440,false],"trp-custom-language-flag":["https:\/\/wooshpay-official-img.oss-accelerate.aliyuncs.com\/wp-content\/uploads\/2023\/06\/1@2x-3.png",18,12,false]},"uagb_author_info":{"display_name":"wooshpaysite\u7ba1\u7406\u5458","author_link":"https:\/\/wooshpay.com\/pt\/author\/wooshpaysiteadmin\/"},"uagb_comment_info":0,"uagb_excerpt":"Newsroom On the journey of continuously pursuing excellence, we always prioritize innovation and technological breakthroughs. We consider these milestones as the driving force for our future development and are dedicated to bringing more value to our customers.","_links":{"self":[{"href":"https:\/\/wooshpay.com\/pt\/wp-json\/wp\/v2\/pages\/122","targetHints":{"allow":["GET"]}}],"collection":[{"href":"https:\/\/wooshpay.com\/pt\/wp-json\/wp\/v2\/pages"}],"about":[{"href":"https:\/\/wooshpay.com\/pt\/wp-json\/wp\/v2\/types\/page"}],"author":[{"embeddable":true,"href":"https:\/\/wooshpay.com\/pt\/wp-json\/wp\/v2\/users\/1"}],"replies":[{"embeddable":true,"href":"https:\/\/wooshpay.com\/pt\/wp-json\/wp\/v2\/comments?post=122"}],"version-history":[{"count":0,"href":"https:\/\/wooshpay.com\/pt\/wp-json\/wp\/v2\/pages\/122\/revisions"}],"wp:featuredmedia":[{"embeddable":true,"href":"https:\/\/wooshpay.com\/pt\/wp-json\/wp\/v2\/media\/8045"}],"wp:attachment":[{"href":"https:\/\/wooshpay.com\/pt\/wp-json\/wp\/v2\/media?parent=122"}],"curies":[{"name":"wp","href":"https:\/\/api.w.org\/{rel}","templated":true}]}}