{"id":13540,"date":"2023-09-05T09:15:39","date_gmt":"2023-09-05T09:15:39","guid":{"rendered":"https:\/\/www.wooshpay.com\/?page_id=13540"},"modified":"2023-09-06T07:44:21","modified_gmt":"2023-09-06T07:44:21","slug":"shopify","status":"publish","type":"page","link":"https:\/\/wooshpay.com\/pt\/shopify\/","title":{"rendered":"shopify"},"content":{"rendered":"<div class=\"wp-block-group alignfull is-style-hover-bg ys-mini-partner-panels has-white-background-color has-background has-global-padding is-layout-constrained wp-container-core-group-is-layout-81a0e9ec wp-block-group-is-layout-constrained\" style=\"padding-top:4vh;padding-right:7vw;padding-bottom:8vh;padding-left:7vw\">\n<div class=\"wp-block-columns alignwide is-layout-flex wp-container-core-columns-is-layout-640fb6f6 wp-block-columns-is-layout-flex\" style=\"margin-top:0;margin-bottom:var(--wp--preset--spacing--40)\">\n<div class=\"wp-block-column is-layout-flow wp-block-column-is-layout-flow\">\n<div class=\"wp-block-uagb-buttons uagb-buttons__outer-wrap uagb-btn__default-btn uagb-btn-tablet__default-btn uagb-btn-mobile__default-btn uagb-block-1db2e1da\"><div class=\"uagb-buttons__wrap uagb-buttons-layout-wrap\">\n<div class=\"wp-block-uagb-buttons-child uagb-buttons__outer-wrap uagb-block-a4a5cc4d wp-block-button\"><div class=\"uagb-button__wrapper\"><a class=\"uagb-buttons-repeater wp-block-button__link\" href=\"https:\/\/wooshpay.com\/pt\/\" onclick=\"return true;\" rel=\"follow noopener\" target=\"_self\"><span class=\"uagb-button__icon uagb-button__icon-position-before\"><svg xmlns=\"https:\/\/www.w3.org\/2000\/svg\" viewbox=\"0 0 256 512\"><path d=\"M192 448c-8.188 0-16.38-3.125-22.62-9.375l-160-160c-12.5-12.5-12.5-32.75 0-45.25l160-160c12.5-12.5 32.75-12.5 45.25 0s12.5 32.75 0 45.25L77.25 256l137.4 137.4c12.5 12.5 12.5 32.75 0 45.25C208.4 444.9 200.2 448 192 448z\"><\/path><\/svg><\/span><div class=\"uagb-button__link\">Voltar<\/div><\/a><\/div><\/div>\n<\/div><\/div>\n<\/div>\n<\/div>\n\n\n\n<div class=\"wp-block-uagb-container uagb-block-087b3794 alignfull uagb-is-root-container\"><div class=\"uagb-container-inner-blocks-wrap\">\n<div class=\"wp-block-uagb-container uagb-block-bd7d015f\">\n<figure class=\"wp-block-image size-full is-resized\"><img decoding=\"async\" src=\"https:\/\/wooshpay-official-img.oss-accelerate.aliyuncs.com\/wp-content\/uploads\/2023\/08\/shopify_white.png?x-oss-process=style\/webp\" alt=\"\" class=\"wp-image-13274\" style=\"height:30px\" height=\"30\"\/><\/figure>\n<\/div>\n\n\n\n<div class=\"wp-block-uagb-container uagb-block-a3dff843\"><\/div>\n<\/div><\/div>\n\n\n\n<div class=\"wp-block-columns alignwide is-layout-flex wp-container-core-columns-is-layout-28f84493 wp-block-columns-is-layout-flex\">\n<div class=\"wp-block-column is-layout-flow wp-block-column-is-layout-flow\">\n<h2 class=\"wp-block-heading has-text-color has-tiny-plus-font-size\" id=\"h-shopify-strengthens-merchant-support-with-wooshpay-s-integrated-payment-solutions\" style=\"color:#333333;margin-top:var(--wp--preset--spacing--30);margin-bottom:var(--wp--preset--spacing--20)\">\"Shopify refor\u00e7a o suporte ao comerciante com as solu\u00e7\u00f5es de pagamento integradas da WooshPay\".<\/h2>\n\n\n\n<p class=\"has-text-color\" style=\"color:#666666;margin-top:0;margin-bottom:0;font-size:14px\">Os comerciantes da Shopify se beneficiar\u00e3o da avan\u00e7ada tecnologia de pagamento da WooshPay, permitindo que eles ofere\u00e7am uma ampla gama de op\u00e7\u00f5es de pagamento a seus clientes, garantindo um alto n\u00edvel de seguran\u00e7a e conveni\u00eancia. Com as solu\u00e7\u00f5es de pagamento abrangentes da WooshPay, os comerciantes podem se concentrar no crescimento de seus neg\u00f3cios sem as complexidades do processamento de pagamentos.<br>Essa colabora\u00e7\u00e3o est\u00e1 preparada para transformar a maneira como os comerciantes realizam transa\u00e7\u00f5es e elevar a experi\u00eancia de pagamento para clientes de v\u00e1rios setores.<\/p>\n<\/div>\n<\/div>\n<\/div>","protected":false},"excerpt":{"rendered":"<p>\"Shopify fortalece o suporte ao comerciante com as solu\u00e7\u00f5es de pagamento integradas da WooshPay\". Os comerciantes da Shopify se beneficiar\u00e3o da avan\u00e7ada tecnologia de pagamento da WooshPay, permitindo que eles ofere\u00e7am uma ampla gama de op\u00e7\u00f5es de pagamento a seus clientes, garantindo um alto n\u00edvel de seguran\u00e7a e conveni\u00eancia. Com as solu\u00e7\u00f5es de pagamento abrangentes da WooshPay, os comerciantes podem se concentrar no crescimento de seus neg\u00f3cios sem as complexidades [...]<\/p>","protected":false},"author":1,"featured_media":17289,"parent":0,"menu_order":0,"comment_status":"closed","ping_status":"closed","template":"","meta":{"_uag_custom_page_level_css":"","footnotes":""},"class_list":["post-13540","page","type-page","status-publish","has-post-thumbnail","hentry"],"yoast_head":"<!-- This site is optimized with the Yoast SEO Premium plugin v20.8 (Yoast SEO v24.9) - https:\/\/yoast.com\/wordpress\/plugins\/seo\/ -->\n<title>shopify - WooshPay<\/title>\n<meta name=\"robots\" content=\"index, follow, max-snippet:-1, max-image-preview:large, max-video-preview:-1\" \/>\n<link rel=\"canonical\" href=\"https:\/\/www.wooshpay.com\/zh\/shopify\/\" \/>\n<meta property=\"og:locale\" content=\"pt_BR\" \/>\n<meta property=\"og:type\" content=\"article\" \/>\n<meta property=\"og:title\" content=\"shopify\" \/>\n<meta property=\"og:description\" content=\"&#8220;Shopify Strengthens Merchant Support with WooshPay&#8217;s Integrated Payment Solutions.&#8221; Shopify merchants will benefit from WooshPay\u2019s advanced payment technology, enabling them to offer a wide range of payment options to their customers while ensuring a high level of security and convenience. With WooshPay\u2019s comprehensive payment solutions, merchants can focus on growing their business without the complexities [&hellip;]\" \/>\n<meta property=\"og:url\" content=\"https:\/\/www.wooshpay.com\/zh\/shopify\/\" \/>\n<meta property=\"og:site_name\" content=\"WooshPay\" \/>\n<meta property=\"article:modified_time\" content=\"2023-09-06T07:44:21+00:00\" \/>\n<meta property=\"og:image\" content=\"https:\/\/wooshpay-official-img.oss-accelerate.aliyuncs.com\/wp-content\/uploads\/2024\/07\/pic_home_new-2.png\" \/>\n\t<meta property=\"og:image:width\" content=\"2138\" \/>\n\t<meta property=\"og:image:height\" content=\"1438\" \/>\n\t<meta property=\"og:image:type\" content=\"image\/png\" \/>\n<meta name=\"twitter:card\" content=\"summary_large_image\" \/>\n<meta name=\"twitter:label1\" content=\"Est. reading time\" \/>\n\t<meta name=\"twitter:data1\" content=\"1 minuto\" \/>\n<script type=\"application\/ld+json\" class=\"yoast-schema-graph\">{\"@context\":\"https:\/\/schema.org\",\"@graph\":[{\"@type\":\"WebPage\",\"@id\":\"https:\/\/www.wooshpay.com\/zh\/shopify\/\",\"url\":\"https:\/\/www.wooshpay.com\/zh\/shopify\/\",\"name\":\"shopify - WooshPay\",\"isPartOf\":{\"@id\":\"https:\/\/www.wooshpay.com\/zh\/#website\"},\"primaryImageOfPage\":{\"@id\":\"https:\/\/www.wooshpay.com\/zh\/shopify\/#primaryimage\"},\"image\":{\"@id\":\"https:\/\/www.wooshpay.com\/zh\/shopify\/#primaryimage\"},\"thumbnailUrl\":\"https:\/\/wooshpay-official-img.oss-accelerate.aliyuncs.com\/wp-content\/uploads\/2024\/07\/pic_home_new-2.png\",\"datePublished\":\"2023-09-05T09:15:39+00:00\",\"dateModified\":\"2023-09-06T07:44:21+00:00\",\"breadcrumb\":{\"@id\":\"https:\/\/www.wooshpay.com\/zh\/shopify\/#breadcrumb\"},\"inLanguage\":\"pt-BR\",\"potentialAction\":[{\"@type\":\"ReadAction\",\"target\":[\"https:\/\/www.wooshpay.com\/zh\/shopify\/\"]}]},{\"@type\":\"ImageObject\",\"inLanguage\":\"pt-BR\",\"@id\":\"https:\/\/www.wooshpay.com\/zh\/shopify\/#primaryimage\",\"url\":\"https:\/\/wooshpay-official-img.oss-accelerate.aliyuncs.com\/wp-content\/uploads\/2024\/07\/pic_home_new-2.png\",\"contentUrl\":\"https:\/\/wooshpay-official-img.oss-accelerate.aliyuncs.com\/wp-content\/uploads\/2024\/07\/pic_home_new-2.png\",\"width\":2138,\"height\":1438},{\"@type\":\"BreadcrumbList\",\"@id\":\"https:\/\/www.wooshpay.com\/zh\/shopify\/#breadcrumb\",\"itemListElement\":[{\"@type\":\"ListItem\",\"position\":1,\"name\":\"Home\",\"item\":\"https:\/\/www.wooshpay.com\/zh\/\"},{\"@type\":\"ListItem\",\"position\":2,\"name\":\"shopify\"}]},{\"@type\":\"WebSite\",\"@id\":\"https:\/\/www.wooshpay.com\/zh\/#website\",\"url\":\"https:\/\/www.wooshpay.com\/zh\/\",\"name\":\"WooshPay\",\"description\":\"One-stop payment platform\",\"potentialAction\":[{\"@type\":\"SearchAction\",\"target\":{\"@type\":\"EntryPoint\",\"urlTemplate\":\"https:\/\/www.wooshpay.com\/zh\/?s={search_term_string}\"},\"query-input\":{\"@type\":\"PropertyValueSpecification\",\"valueRequired\":true,\"valueName\":\"search_term_string\"}}],\"inLanguage\":\"pt-BR\"}]}<\/script>\n<!-- \/ Yoast SEO Premium plugin. -->","yoast_head_json":{"title":"shopify - WooshPay","robots":{"index":"index","follow":"follow","max-snippet":"max-snippet:-1","max-image-preview":"max-image-preview:large","max-video-preview":"max-video-preview:-1"},"canonical":"https:\/\/www.wooshpay.com\/zh\/shopify\/","og_locale":"pt_BR","og_type":"article","og_title":"shopify","og_description":"&#8220;Shopify Strengthens Merchant Support with WooshPay&#8217;s Integrated Payment Solutions.&#8221; Shopify merchants will benefit from WooshPay\u2019s advanced payment technology, enabling them to offer a wide range of payment options to their customers while ensuring a high level of security and convenience. With WooshPay\u2019s comprehensive payment solutions, merchants can focus on growing their business without the complexities [&hellip;]","og_url":"https:\/\/www.wooshpay.com\/zh\/shopify\/","og_site_name":"WooshPay","article_modified_time":"2023-09-06T07:44:21+00:00","og_image":[{"width":2138,"height":1438,"url":"https:\/\/wooshpay-official-img.oss-accelerate.aliyuncs.com\/wp-content\/uploads\/2024\/07\/pic_home_new-2.png","type":"image\/png"}],"twitter_card":"summary_large_image","twitter_misc":{"Est. reading time":"1 minuto"},"schema":{"@context":"https:\/\/schema.org","@graph":[{"@type":"WebPage","@id":"https:\/\/www.wooshpay.com\/zh\/shopify\/","url":"https:\/\/www.wooshpay.com\/zh\/shopify\/","name":"shopify - WooshPay","isPartOf":{"@id":"https:\/\/www.wooshpay.com\/zh\/#website"},"primaryImageOfPage":{"@id":"https:\/\/www.wooshpay.com\/zh\/shopify\/#primaryimage"},"image":{"@id":"https:\/\/www.wooshpay.com\/zh\/shopify\/#primaryimage"},"thumbnailUrl":"https:\/\/wooshpay-official-img.oss-accelerate.aliyuncs.com\/wp-content\/uploads\/2024\/07\/pic_home_new-2.png","datePublished":"2023-09-05T09:15:39+00:00","dateModified":"2023-09-06T07:44:21+00:00","breadcrumb":{"@id":"https:\/\/www.wooshpay.com\/zh\/shopify\/#breadcrumb"},"inLanguage":"pt-BR","potentialAction":[{"@type":"ReadAction","target":["https:\/\/www.wooshpay.com\/zh\/shopify\/"]}]},{"@type":"ImageObject","inLanguage":"pt-BR","@id":"https:\/\/www.wooshpay.com\/zh\/shopify\/#primaryimage","url":"https:\/\/wooshpay-official-img.oss-accelerate.aliyuncs.com\/wp-content\/uploads\/2024\/07\/pic_home_new-2.png","contentUrl":"https:\/\/wooshpay-official-img.oss-accelerate.aliyuncs.com\/wp-content\/uploads\/2024\/07\/pic_home_new-2.png","width":2138,"height":1438},{"@type":"BreadcrumbList","@id":"https:\/\/www.wooshpay.com\/zh\/shopify\/#breadcrumb","itemListElement":[{"@type":"ListItem","position":1,"name":"Home","item":"https:\/\/www.wooshpay.com\/zh\/"},{"@type":"ListItem","position":2,"name":"shopify"}]},{"@type":"WebSite","@id":"https:\/\/www.wooshpay.com\/zh\/#website","url":"https:\/\/www.wooshpay.com\/zh\/","name":"WooshPay","description":"Plataforma de pagamento em um s\u00f3 lugar","potentialAction":[{"@type":"SearchAction","target":{"@type":"EntryPoint","urlTemplate":"https:\/\/www.wooshpay.com\/zh\/?s={search_term_string}"},"query-input":{"@type":"PropertyValueSpecification","valueRequired":true,"valueName":"search_term_string"}}],"inLanguage":"pt-BR"}]}},"uagb_featured_image_src":{"full":["https:\/\/wooshpay-official-img.oss-accelerate.aliyuncs.com\/wp-content\/uploads\/2024\/07\/pic_home_new-2.png",2138,1438,false],"thumbnail":["https:\/\/wooshpay-official-img.oss-accelerate.aliyuncs.com\/wp-content\/uploads\/2024\/07\/pic_home_new-2-150x150.png",150,150,true],"medium":["https:\/\/wooshpay-official-img.oss-accelerate.aliyuncs.com\/wp-content\/uploads\/2024\/07\/pic_home_new-2-300x202.png",300,202,true],"medium_large":["https:\/\/wooshpay-official-img.oss-accelerate.aliyuncs.com\/wp-content\/uploads\/2024\/07\/pic_home_new-2-768x517.png",768,517,true],"large":["https:\/\/wooshpay-official-img.oss-accelerate.aliyuncs.com\/wp-content\/uploads\/2024\/07\/pic_home_new-2-1024x689.png",1024,689,true],"1536x1536":["https:\/\/wooshpay-official-img.oss-accelerate.aliyuncs.com\/wp-content\/uploads\/2024\/07\/pic_home_new-2-1536x1033.png",1536,1033,true],"2048x2048":["https:\/\/wooshpay-official-img.oss-accelerate.aliyuncs.com\/wp-content\/uploads\/2024\/07\/pic_home_new-2-2048x1377.png",2048,1377,true],"trp-custom-language-flag":["https:\/\/wooshpay-official-img.oss-accelerate.aliyuncs.com\/wp-content\/uploads\/2024\/07\/pic_home_new-2-18x12.png",18,12,true]},"uagb_author_info":{"display_name":"wooshpaysite\u7ba1\u7406\u5458","author_link":"https:\/\/wooshpay.com\/pt\/author\/wooshpaysiteadmin\/"},"uagb_comment_info":0,"uagb_excerpt":"&#8220;Shopify Strengthens Merchant Support with WooshPay&#8217;s Integrated Payment Solutions.&#8221; Shopify merchants will benefit from WooshPay\u2019s advanced payment technology, enabling them to offer a wide range of payment options to their customers while ensuring a high level of security and convenience. With WooshPay\u2019s comprehensive payment solutions, merchants can focus on growing their business without the complexities&hellip;","_links":{"self":[{"href":"https:\/\/wooshpay.com\/pt\/wp-json\/wp\/v2\/pages\/13540","targetHints":{"allow":["GET"]}}],"collection":[{"href":"https:\/\/wooshpay.com\/pt\/wp-json\/wp\/v2\/pages"}],"about":[{"href":"https:\/\/wooshpay.com\/pt\/wp-json\/wp\/v2\/types\/page"}],"author":[{"embeddable":true,"href":"https:\/\/wooshpay.com\/pt\/wp-json\/wp\/v2\/users\/1"}],"replies":[{"embeddable":true,"href":"https:\/\/wooshpay.com\/pt\/wp-json\/wp\/v2\/comments?post=13540"}],"version-history":[{"count":0,"href":"https:\/\/wooshpay.com\/pt\/wp-json\/wp\/v2\/pages\/13540\/revisions"}],"wp:featuredmedia":[{"embeddable":true,"href":"https:\/\/wooshpay.com\/pt\/wp-json\/wp\/v2\/media\/17289"}],"wp:attachment":[{"href":"https:\/\/wooshpay.com\/pt\/wp-json\/wp\/v2\/media?parent=13540"}],"curies":[{"name":"wp","href":"https:\/\/api.w.org\/{rel}","templated":true}]}}